{"id":86,"date":"2025-06-04T07:55:37","date_gmt":"2025-06-04T07:55:37","guid":{"rendered":"https:\/\/thai-tavolata.ch\/?page_id=86"},"modified":"2025-06-12T07:32:04","modified_gmt":"2025-06-12T07:32:04","slug":"ueber-uns","status":"publish","type":"page","link":"https:\/\/thai-tavolata.ch\/?page_id=86","title":{"rendered":"\u00dcber uns"},"content":{"rendered":"\n<p>Wir sind ein thail\u00e4ndisch-schweizerisches Paar. Jeab kocht gerne und gut; Dani isst gerne und viel. Mit unseren thail\u00e4ndischen Tavolatas teilen wir unsere Leidenschaft f\u00fcr thail\u00e4ndisches Essen mit Freunden.<\/p>\n\n\n\n<p>Die Idee entstand, weil immer wieder Freunde zu uns gesagt haben: &#8222;Jeab sollte ein Restaurant er\u00f6ffnen.&#8220; Wir kochen und essen aber lieber gem\u00fctlich im kleinen Kreis. Bei einer Tavolata zahlt eine kleine Gruppe von Freunden und Bekannten einen Betrag f\u00fcr das Essen, Jeab kocht und man sitzt gem\u00fctlich beisammen und geniesst thail\u00e4ndische K\u00f6stlichkeiten.<\/p>\n\n\n\n<p>An unseren Tavolatas bieten wir Essen an, wie es auch in Thailand von den Einheimischen gegessen wird: frisch gekocht und gut gew\u00fcrzt. Gerne servieren wir auch Gerichte, welche etwas weniger bekannt sind. <\/p>\n\n\n\n<p>Aktuelle Tavolatas sind immer auf unserer <a href=\"https:\/\/thai-tavolata.ch\/\" data-type=\"page\" data-id=\"47\">Homepage<\/a> aufgelistet. Einladung mit der M\u00f6glichkeit zur Anmeldung werden in unserem Bekanntenkreis verschickt.<\/p>\n\n\n\n<p><\/p>\n\n\n\n<p><\/p>\n","protected":false},"excerpt":{"rendered":"<p>Wir sind ein thail\u00e4ndisch-schweizerisches Paar. Jeab kocht gerne und gut; Dani isst gerne und viel. Mit unseren thail\u00e4ndischen Tavolatas teilen wir unsere Leidenschaft f\u00fcr thail\u00e4ndisches Essen mit Freunden. Die Idee entstand, weil immer wieder Freunde zu uns gesagt haben: &#8222;Jeab sollte ein Restaurant er\u00f6ffnen.&#8220; Wir kochen und essen aber lieber gem\u00fctlich im kleinen Kreis. Bei einer Tavolata zahlt eine kleine [&hellip;]<\/p>\n","protected":false},"author":1,"featured_media":0,"parent":0,"menu_order":0,"comment_status":"closed","ping_status":"closed","template":"","meta":{"footnotes":""},"class_list":["post-86","page","type-page","status-publish","hentry"],"_links":{"self":[{"href":"https:\/\/thai-tavolata.ch\/index.php?rest_route=\/wp\/v2\/pages\/86","targetHints":{"allow":["GET"]}}],"collection":[{"href":"https:\/\/thai-tavolata.ch\/index.php?rest_route=\/wp\/v2\/pages"}],"about":[{"href":"https:\/\/thai-tavolata.ch\/index.php?rest_route=\/wp\/v2\/types\/page"}],"author":[{"embeddable":true,"href":"https:\/\/thai-tavolata.ch\/index.php?rest_route=\/wp\/v2\/users\/1"}],"replies":[{"embeddable":true,"href":"https:\/\/thai-tavolata.ch\/index.php?rest_route=%2Fwp%2Fv2%2Fcomments&post=86"}],"version-history":[{"count":4,"href":"https:\/\/thai-tavolata.ch\/index.php?rest_route=\/wp\/v2\/pages\/86\/revisions"}],"predecessor-version":[{"id":100,"href":"https:\/\/thai-tavolata.ch\/index.php?rest_route=\/wp\/v2\/pages\/86\/revisions\/100"}],"wp:attachment":[{"href":"https:\/\/thai-tavolata.ch\/index.php?rest_route=%2Fwp%2Fv2%2Fmedia&parent=86"}],"curies":[{"name":"wp","href":"https:\/\/api.w.org\/{rel}","templated":true}]}}